{"id":14,"date":"2022-05-07T11:54:50","date_gmt":"2022-05-07T09:54:50","guid":{"rendered":"http:\/\/scarban.cz\/?page_id=14"},"modified":"2022-05-07T12:54:24","modified_gmt":"2022-05-07T10:54:24","slug":"kontakt","status":"publish","type":"page","link":"http:\/\/scarban.cz\/?page_id=14","title":{"rendered":"Kontakt"},"content":{"rendered":"\r\n<div class=\"su-row\"><div class=\"su-column su-column-size-1-2\"><div class=\"su-column-inner su-u-clearfix su-u-trim\"><span style=\"color: #000000;\"><strong>VAVA.eu s.r.o.<\/strong><\/span><br \/><span style=\"color: #000000;\">Krchleby 193<\/span><br \/><span style=\"color: #000000;\">286 01 \u010c\u00e1slav<\/span><br \/><span style=\"color: #000000;\">tel., fax: +420 <strong>327 377 419<\/strong><\/span><br \/><span style=\"color: #000000;\">mobil: +420 <strong>602 426 949<\/strong><\/span><br \/><span style=\"color: #000000;\">e-mail: <a style=\"color: #000000;\" href=\"mailto:info@vava.eu\">info@vava.eu<\/a><\/span><br \/><\/div><\/div><div class=\"su-column su-column-size-1-2\"><div class=\"su-column-inner su-u-clearfix su-u-trim\"><span style=\"color: #000000;\">I\u010cO: 27932125<\/span><br \/><span style=\"color: #000000;\">DI\u010c: CZ27932125<\/span><br \/><span style=\"color: #000000;\">Banka: Komer\u010dn\u00ed banka Praha<\/span><br \/><span style=\"color: #000000;\">\u010c\u00edslo \u00fa\u010dtu: 35 &#8211; 9814360217\/0100<\/span><br \/><span style=\"color: #000000;\">IBAN: CZ3101000000359814360217<\/span><br \/><span style=\"color: #000000;\">Registrov\u00e1na pod spis. zn. odd\u00edl C, <\/span><span style=\"color: #000000;\">vlo\u017eka 127381 ze dne. 10. 8. 2007 u M\u011bstsk\u00e9ho soudu v Praze<\/span><br \/><\/div><\/div><\/div>\r\n<p><iframe loading=\"lazy\" style=\"border: 0;\" src=\"https:\/\/www.google.com\/maps\/embed?pb=!1m18!1m12!1m3!1d2570.644421326302!2d15.34568331561562!3d49.88670377940153!2m3!1f0!2f0!3f0!3m2!1i1024!2i768!4f13.1!3m3!1m2!1s0x470c4435fba826cf%3A0xaf3990e4d9295864!2sKrchleby%20193%2C%20286%2001%20Krchleby!5e0!3m2!1scs!2scz!4v1651915304226!5m2!1scs!2scz\" width=\"800\" height=\"600\" allowfullscreen=\"allowfullscreen\" data-mce-fragment=\"1\"><\/iframe><\/p>\r\n","protected":false},"excerpt":{"rendered":"","protected":false},"author":1,"featured_media":0,"parent":0,"menu_order":0,"comment_status":"closed","ping_status":"closed","template":"page-templates\/contact.php","meta":{"footnotes":""},"class_list":["post-14","page","type-page","status-publish","hentry"],"_links":{"self":[{"href":"http:\/\/scarban.cz\/index.php?rest_route=\/wp\/v2\/pages\/14","targetHints":{"allow":["GET"]}}],"collection":[{"href":"http:\/\/scarban.cz\/index.php?rest_route=\/wp\/v2\/pages"}],"about":[{"href":"http:\/\/scarban.cz\/index.php?rest_route=\/wp\/v2\/types\/page"}],"author":[{"embeddable":true,"href":"http:\/\/scarban.cz\/index.php?rest_route=\/wp\/v2\/users\/1"}],"replies":[{"embeddable":true,"href":"http:\/\/scarban.cz\/index.php?rest_route=%2Fwp%2Fv2%2Fcomments&post=14"}],"version-history":[{"count":3,"href":"http:\/\/scarban.cz\/index.php?rest_route=\/wp\/v2\/pages\/14\/revisions"}],"predecessor-version":[{"id":40,"href":"http:\/\/scarban.cz\/index.php?rest_route=\/wp\/v2\/pages\/14\/revisions\/40"}],"wp:attachment":[{"href":"http:\/\/scarban.cz\/index.php?rest_route=%2Fwp%2Fv2%2Fmedia&parent=14"}],"curies":[{"name":"wp","href":"https:\/\/api.w.org\/{rel}","templated":true}]}}