{"id":41,"date":"2022-05-07T12:55:57","date_gmt":"2022-05-07T10:55:57","guid":{"rendered":"http:\/\/scarban.cz\/?page_id=41"},"modified":"2022-05-07T12:56:05","modified_gmt":"2022-05-07T10:56:05","slug":"bap-medical","status":"publish","type":"page","link":"http:\/\/scarban.cz\/?page_id=41","title":{"rendered":"BAP Medical"},"content":{"rendered":"<p><img loading=\"lazy\" decoding=\"async\" class=\"aligncenter wp-image-57 size-full\" src=\"http:\/\/www.alhydran.cz\/wp-content\/uploads\/2022\/05\/BAP-Medical-bedrijfspand-Apeldoorn.jpg\" alt=\"\" width=\"1024\" height=\"416\" \/><\/p>\n<div class=\"su-row\">\n<div class=\"su-column su-column-size-1-2\"><div class=\"su-column-inner su-u-clearfix su-u-trim\">\n<p>Od roku 2006 se BAP Medical specializuje na v\u00fdvoj, v\u00fdrobu, marketing a celosv\u011btov\u00fd prodej produkt\u016f pro p\u00e9\u010di o r\u00e1ny, o\u0161et\u0159en\u00ed jizev a n\u00e1slednou p\u00e9\u010di o specifick\u00e9 ko\u017en\u00ed probl\u00e9my.<\/p>\n<p>Sna\u017e\u00ed se zajistit, aby produkty v\u017edy p\u0159in\u00e1\u0161ely p\u0159idanou hodnotu na\u0161im klient\u016fm. To je d\u016fvod, pro\u010d BAP znamen\u00e1 Best\u00a0Available\u00a0Practices &#8211; Nejlep\u0161\u00ed Dostupn\u00e9 Postupy.<\/p>\n<\/div><\/div>\n<div class=\"su-column su-column-size-1-2\"><div class=\"su-column-inner su-u-clearfix su-u-trim\">\n<p>BAP Medical poskytuje \u0159e\u0161en\u00ed pro ple\u0165 \u201ev nouzi\u201c.\u00a0Jejich produkty jsou vyv\u00edjeny ve spolupr\u00e1ci s pacienty a l\u00e9ka\u0159i, kte\u0159\u00ed poskytuj\u00ed l\u00e9\u010dbu. P\u0159itom si stanovili 2 p\u0159\u00edsn\u00e9 po\u017eadavky:<\/p>\n<ul>\n<li>Na\u0161e produkty mus\u00ed b\u00fdt skute\u010dn\u011b \u00fa\u010dinn\u00e9.<\/li>\n<li>\u00da\u010dinnost na\u0161ich produkt\u016f mus\u00ed b\u00fdt v\u011bdecky prok\u00e1z\u00e1na.<\/li>\n<\/ul>\n<\/div><\/div>\n<\/div>\n","protected":false},"excerpt":{"rendered":"","protected":false},"author":1,"featured_media":0,"parent":0,"menu_order":0,"comment_status":"closed","ping_status":"closed","template":"","meta":{"footnotes":""},"class_list":["post-41","page","type-page","status-publish","hentry"],"_links":{"self":[{"href":"http:\/\/scarban.cz\/index.php?rest_route=\/wp\/v2\/pages\/41","targetHints":{"allow":["GET"]}}],"collection":[{"href":"http:\/\/scarban.cz\/index.php?rest_route=\/wp\/v2\/pages"}],"about":[{"href":"http:\/\/scarban.cz\/index.php?rest_route=\/wp\/v2\/types\/page"}],"author":[{"embeddable":true,"href":"http:\/\/scarban.cz\/index.php?rest_route=\/wp\/v2\/users\/1"}],"replies":[{"embeddable":true,"href":"http:\/\/scarban.cz\/index.php?rest_route=%2Fwp%2Fv2%2Fcomments&post=41"}],"version-history":[{"count":1,"href":"http:\/\/scarban.cz\/index.php?rest_route=\/wp\/v2\/pages\/41\/revisions"}],"predecessor-version":[{"id":42,"href":"http:\/\/scarban.cz\/index.php?rest_route=\/wp\/v2\/pages\/41\/revisions\/42"}],"wp:attachment":[{"href":"http:\/\/scarban.cz\/index.php?rest_route=%2Fwp%2Fv2%2Fmedia&parent=41"}],"curies":[{"name":"wp","href":"https:\/\/api.w.org\/{rel}","templated":true}]}}