{"id":43,"date":"2022-05-07T12:58:35","date_gmt":"2022-05-07T10:58:35","guid":{"rendered":"http:\/\/scarban.cz\/?page_id=43"},"modified":"2022-05-07T13:01:23","modified_gmt":"2022-05-07T11:01:23","slug":"co-je-scarban","status":"publish","type":"page","link":"https:\/\/scarban.cz\/","title":{"rendered":"Co je Scarban?"},"content":{"rendered":"<div class=\"su-row\">\n<div class=\"su-column su-column-size-1-2\"><div class=\"su-column-inner su-u-clearfix su-u-trim\">\n<p>Silikonov\u00e9 n\u00e1plasti a silikonov\u00fd gel Scarban zabra\u0148uj\u00ed tvorb\u011b jizev a pom\u00e1haj\u00ed redukovat star\u00e9 jizvy. Pou\u017eit\u00ed speci\u00e1ln\u00edho silikonu p\u0159i prevenci jizev podporuj\u00ed v\u011bdeck\u00e9 poznatky. Z t\u011bchto d\u016fvod\u016f odborn\u00edci pou\u017e\u00edvaj\u00ed k o\u0161et\u0159en\u00ed jizev silikonov\u00e9 n\u00e1plasti.<\/p>\n<ul>\n<li>Zm\u00edrn\u011bn\u00ed souvisej\u00edc\u00edch probl\u00e9m\u016f jako je sv\u011bd\u011bn\u00ed a bolest<\/li>\n<li>Jizvy jsou pru\u017en\u011bj\u0161\u00ed, hlad\u0161\u00ed a m\u00e9n\u011b viditeln\u00e9<\/li>\n<li>Vznik jizev je omezen na minimum<\/li>\n<\/ul>\n<\/div><\/div>\n<div class=\"su-column su-column-size-1-2\"><div class=\"su-column-inner su-u-clearfix su-u-trim\">\n<p><img loading=\"lazy\" decoding=\"async\" class=\"aligncenter wp-image-4730\" src=\"https:\/\/www.vava.eu\/wp-content\/uploads\/2022\/02\/SB-7M2A5466_Lr-1-682x1024.jpg\" alt=\"\" width=\"286\" height=\"429\" \/><\/p>\n<\/div><\/div>\n<\/div>\n<div class=\"su-row\">\n<div class=\"su-column su-column-size-1-2\"><div class=\"su-column-inner su-u-clearfix su-u-trim\">\n<p><img loading=\"lazy\" decoding=\"async\" class=\" wp-image-4721 aligncenter\" src=\"https:\/\/www.vava.eu\/wp-content\/uploads\/2022\/02\/SB-C-Section-7M2A5706_Lr-1-e1643927085896-335x400.jpg\" alt=\"\" width=\"379\" height=\"453\" \/><\/p>\n<\/div><\/div>\n<div class=\"su-column su-column-size-1-2\"><div class=\"su-column-inner su-u-clearfix su-u-trim\">\n<p>N\u00e1plasti Scarban jsou nej\u010dast\u011bji doporu\u010dovan\u00e9 n\u00e1plasti v\u00a0zem\u00edch Beneluxu, proto\u017ee:<\/p>\n<ul>\n<li>Dr\u017e\u00ed na m\u00edst\u011b i v\u00a0ko\u017en\u00edch z\u00e1hybech<\/li>\n<li>Jsou m\u011bkk\u00e9 a p\u0159\u00edjemn\u00e9 na dotek d\u00edky jedine\u010dn\u00e9mu pru\u017en\u00e9mu vl\u00e1knu pou\u017eit\u00e9mu na vn\u011bj\u0161\u00ed vrstvu<\/li>\n<li>Jsou tvo\u0159eny ze 100% silikonem a nab\u00edz\u00ed velmi vysokou ochranu proti UV z\u00e1\u0159en\u00ed<\/li>\n<\/ul>\n<h4>\u00da\u010dinky:<\/h4>\n<ul>\n<li>Probl\u00e9my, kter\u00e9 prov\u00e1z\u00ed hojen\u00ed, jako je sv\u011bd\u011bn\u00ed a bolest se zm\u00edrn\u00ed nebo vymiz\u00ed \u00fapln\u011b b\u011bhem n\u011bkolika dn\u016f<\/li>\n<li>Viditeln\u00e9 v\u00fdsledky lze pozorovat za 2 a\u017e 4 m\u011bs\u00edce: jizvy jsou pru\u017en\u011bj\u0161\u00ed, hlad\u0161\u00ed a m\u00e9n\u011b viditeln\u00e9<\/li>\n<li>Vznik jizev je omezen na minimum<\/li>\n<\/ul>\n<\/div><\/div>\n<\/div>\n<div class=\"su-row\">\n<div class=\"su-column su-column-size-1-2\"><div class=\"su-column-inner su-u-clearfix su-u-trim\">\n<p>Silikonov\u00e9 n\u00e1plasti jsou nab\u00edzeny v\u00a0extra tenk\u00e9 verzi, kter\u00e1 je velmi flexibiln\u00ed: Scarban Light a siln\u011bj\u0161\u00edm proveden\u00ed, kter\u00e9 lze pou\u017e\u00edvat opakovan\u011b: Scarban Elastic. \u00da\u010dinky obou typ\u016f jsou stejn\u00e9, v\u00fdb\u011br typu z\u00e1vis\u00ed obvykle na \u010d\u00e1sti t\u011bla, na kterou se m\u00e1 silikonov\u00e1 n\u00e1plast pou\u017e\u00edt. Tenk\u00e1 silikonov\u00e1 n\u00e1plast je pru\u017en\u011bj\u0161\u00ed, tak\u017ee je vhodn\u011bj\u0161\u00ed na pohybliv\u00e9 \u010d\u00e1sti t\u011bla.<\/p>\n<p>Krom\u011b klasick\u00fdch gel\u016f a n\u00e1plast\u00ed zahrnuje \u0159ada Scarban i produkty k o\u0161et\u0159en\u00ed jizev na rukou a prstech a speci\u00e1ln\u00ed n\u00e1plast k o\u0161et\u0159en\u00ed jizev po c\u00edsa\u0159sk\u00e9m \u0159ezu Scarban C-Section, nebo plastick\u00fdch operac\u00edch prsou.<\/p>\n<\/div><\/div>\n<div class=\"su-column su-column-size-1-2\"><div class=\"su-column-inner su-u-clearfix su-u-trim\">\n<p><img loading=\"lazy\" decoding=\"async\" class=\"wp-image-4724 aligncenter\" src=\"https:\/\/www.vava.eu\/wp-content\/uploads\/2022\/02\/SCARBAN_Sheet_Fasten_3000x2000px-scaled-1-e1643927332449-400x268.jpg\" alt=\"\" width=\"443\" height=\"297\" \/><\/p>\n<\/div><\/div>\n<\/div>\n<div class=\"su-row\">\n<div class=\"su-column su-column-size-1-2\"><div class=\"su-column-inner su-u-clearfix su-u-trim\">\n<img loading=\"lazy\" decoding=\"async\" class=\"aligncenter wp-image-4734 size-medium\" src=\"https:\/\/www.vava.eu\/wp-content\/uploads\/2022\/02\/SCARBAN_Hand_No_4_3000x2000px-scaled-1-400x267.jpg\" alt=\"\" width=\"400\" height=\"267\" \/><br \/>\n<\/div><\/div>\n<div class=\"su-column su-column-size-1-2\"><div class=\"su-column-inner su-u-clearfix su-u-trim\">\n<p><img loading=\"lazy\" decoding=\"async\" class=\"aligncenter wp-image-4738 size-medium\" src=\"https:\/\/www.vava.eu\/wp-content\/uploads\/2022\/02\/SCARBAN_Elastic_Nipple_Anchor_3000x2000px-scaled-4-400x267.jpg\" alt=\"\" width=\"400\" height=\"267\" \/><br \/>\n<\/div><\/div>\n<\/div>\n<div class=\"su-youtube su-u-responsive-media-yes\"><iframe loading=\"lazy\" width=\"500\" height=\"400\" src=\"https:\/\/www.youtube.com\/embed\/DJwLVBuM2aQ?mute=1\" frameborder=\"0\" allowfullscreen allow=\"autoplay; encrypted-media; picture-in-picture\" title=\"\"><\/iframe><\/div>\n","protected":false},"excerpt":{"rendered":"","protected":false},"author":1,"featured_media":0,"parent":0,"menu_order":0,"comment_status":"closed","ping_status":"closed","template":"page-templates\/page-builder.php","meta":{"footnotes":""},"class_list":["post-43","page","type-page","status-publish","hentry"],"_links":{"self":[{"href":"https:\/\/scarban.cz\/index.php?rest_route=\/wp\/v2\/pages\/43","targetHints":{"allow":["GET"]}}],"collection":[{"href":"https:\/\/scarban.cz\/index.php?rest_route=\/wp\/v2\/pages"}],"about":[{"href":"https:\/\/scarban.cz\/index.php?rest_route=\/wp\/v2\/types\/page"}],"author":[{"embeddable":true,"href":"https:\/\/scarban.cz\/index.php?rest_route=\/wp\/v2\/users\/1"}],"replies":[{"embeddable":true,"href":"https:\/\/scarban.cz\/index.php?rest_route=%2Fwp%2Fv2%2Fcomments&post=43"}],"version-history":[{"count":1,"href":"https:\/\/scarban.cz\/index.php?rest_route=\/wp\/v2\/pages\/43\/revisions"}],"predecessor-version":[{"id":44,"href":"https:\/\/scarban.cz\/index.php?rest_route=\/wp\/v2\/pages\/43\/revisions\/44"}],"wp:attachment":[{"href":"https:\/\/scarban.cz\/index.php?rest_route=%2Fwp%2Fv2%2Fmedia&parent=43"}],"curies":[{"name":"wp","href":"https:\/\/api.w.org\/{rel}","templated":true}]}}